{"id":9,"date":"2018-06-19T15:56:56","date_gmt":"2018-06-19T15:56:56","guid":{"rendered":"http:\/\/blog.alexpuentes.com\/?page_id=9"},"modified":"2019-04-17T14:59:52","modified_gmt":"2019-04-17T14:59:52","slug":"alex-puentes","status":"publish","type":"page","link":"https:\/\/blog.alexpuentes.com\/index.php\/alex-puentes\/","title":{"rendered":"Alex Puentes"},"content":{"rendered":"<p>Alex Puentes, profesional en Mercadeo y Publicidad, Magister en curso, consultor de empresas en temas de administraci\u00f3n y comunicaci\u00f3n corporativa, productor de medios audiovisuales, locutor apasionado y m\u00fasico aficionado.\u00a0 Convencido de que el conocimiento debe ser colectivo.<\/p>\n","protected":false},"excerpt":{"rendered":"<p>Alex Puentes, profesional en Mercadeo y Publicidad, Magister en curso, consultor de empresas en temas de administraci\u00f3n y comunicaci\u00f3n corporativa, productor de medios audiovisuales, locutor apasionado y m\u00fasico aficionado.\u00a0 Convencido de que el conocimiento debe ser colectivo.<\/p>\n","protected":false},"author":1,"featured_media":77,"parent":0,"menu_order":0,"comment_status":"closed","ping_status":"closed","template":"","meta":[],"yoast_head":"<!-- This site is optimized with the Yoast SEO plugin v19.13 - https:\/\/yoast.com\/wordpress\/plugins\/seo\/ -->\n<title>Alex Puentes | Blog de Alex Puentes |<\/title>\n<meta name=\"description\" content=\"Alex puentes, profesional en Mercadeo y Publicidad, Magister en curso, locutor, consultor de empresas en temas de administraci\u00f3n y comunicaci\u00f3n corporativa\" \/>\n<meta name=\"robots\" content=\"index, follow, max-snippet:-1, max-image-preview:large, max-video-preview:-1\" \/>\n<link rel=\"canonical\" href=\"https:\/\/blog.alexpuentes.com\/index.php\/alex-puentes\/\" \/>\n<meta property=\"og:locale\" content=\"es_ES\" \/>\n<meta property=\"og:type\" content=\"article\" \/>\n<meta property=\"og:title\" content=\"Alex Puentes | Blog de Alex Puentes |\" \/>\n<meta property=\"og:description\" content=\"Alex puentes, profesional en Mercadeo y Publicidad, Magister en curso, locutor, consultor de empresas en temas de administraci\u00f3n y comunicaci\u00f3n corporativa\" \/>\n<meta property=\"og:url\" content=\"https:\/\/blog.alexpuentes.com\/index.php\/alex-puentes\/\" \/>\n<meta property=\"og:site_name\" content=\"Blog de Alex Puentes\" \/>\n<meta property=\"article:modified_time\" content=\"2019-04-17T14:59:52+00:00\" \/>\n<meta property=\"og:image\" content=\"https:\/\/blog.alexpuentes.com\/wp-content\/uploads\/2018\/06\/perfil-profesional.jpg\" \/>\n\t<meta property=\"og:image:width\" content=\"2400\" \/>\n\t<meta property=\"og:image:height\" content=\"1700\" \/>\n\t<meta property=\"og:image:type\" content=\"image\/jpeg\" \/>\n<meta name=\"twitter:card\" content=\"summary_large_image\" \/>\n<meta name=\"twitter:site\" content=\"@alex_duvan\" \/>\n<script type=\"application\/ld+json\" class=\"yoast-schema-graph\">{\"@context\":\"https:\/\/schema.org\",\"@graph\":[{\"@type\":\"WebPage\",\"@id\":\"https:\/\/blog.alexpuentes.com\/index.php\/alex-puentes\/\",\"url\":\"https:\/\/blog.alexpuentes.com\/index.php\/alex-puentes\/\",\"name\":\"Alex Puentes | Blog de Alex Puentes |\",\"isPartOf\":{\"@id\":\"https:\/\/blog.alexpuentes.com\/#website\"},\"datePublished\":\"2018-06-19T15:56:56+00:00\",\"dateModified\":\"2019-04-17T14:59:52+00:00\",\"description\":\"Alex puentes, profesional en Mercadeo y Publicidad, Magister en curso, locutor, consultor de empresas en temas de administraci\u00f3n y comunicaci\u00f3n corporativa\",\"breadcrumb\":{\"@id\":\"https:\/\/blog.alexpuentes.com\/index.php\/alex-puentes\/#breadcrumb\"},\"inLanguage\":\"es-CO\",\"potentialAction\":[{\"@type\":\"ReadAction\",\"target\":[\"https:\/\/blog.alexpuentes.com\/index.php\/alex-puentes\/\"]}]},{\"@type\":\"BreadcrumbList\",\"@id\":\"https:\/\/blog.alexpuentes.com\/index.php\/alex-puentes\/#breadcrumb\",\"itemListElement\":[{\"@type\":\"ListItem\",\"position\":1,\"name\":\"Home\",\"item\":\"https:\/\/blog.alexpuentes.com\/\"},{\"@type\":\"ListItem\",\"position\":2,\"name\":\"Alex Puentes\"}]},{\"@type\":\"WebSite\",\"@id\":\"https:\/\/blog.alexpuentes.com\/#website\",\"url\":\"https:\/\/blog.alexpuentes.com\/\",\"name\":\"Blog de Alex Puentes\",\"description\":\"Hablemos de todo un poco\",\"publisher\":{\"@id\":\"https:\/\/blog.alexpuentes.com\/#\/schema\/person\/147552873df9dae035c1d04f5aaab7fc\"},\"potentialAction\":[{\"@type\":\"SearchAction\",\"target\":{\"@type\":\"EntryPoint\",\"urlTemplate\":\"https:\/\/blog.alexpuentes.com\/?s={search_term_string}\"},\"query-input\":\"required name=search_term_string\"}],\"inLanguage\":\"es-CO\"},{\"@type\":[\"Person\",\"Organization\"],\"@id\":\"https:\/\/blog.alexpuentes.com\/#\/schema\/person\/147552873df9dae035c1d04f5aaab7fc\",\"name\":\"AlexPuentes\",\"image\":{\"@type\":\"ImageObject\",\"inLanguage\":\"es-CO\",\"@id\":\"https:\/\/blog.alexpuentes.com\/#\/schema\/person\/image\/\",\"url\":\"https:\/\/blog.alexpuentes.com\/wp-content\/uploads\/2020\/01\/AP_AP-01.png\",\"contentUrl\":\"https:\/\/blog.alexpuentes.com\/wp-content\/uploads\/2020\/01\/AP_AP-01.png\",\"width\":835,\"height\":834,\"caption\":\"AlexPuentes\"},\"logo\":{\"@id\":\"https:\/\/blog.alexpuentes.com\/#\/schema\/person\/image\/\"}}]}<\/script>\n<!-- \/ Yoast SEO plugin. -->","yoast_head_json":{"title":"Alex Puentes | Blog de Alex Puentes |","description":"Alex puentes, profesional en Mercadeo y Publicidad, Magister en curso, locutor, consultor de empresas en temas de administraci\u00f3n y comunicaci\u00f3n corporativa","robots":{"index":"index","follow":"follow","max-snippet":"max-snippet:-1","max-image-preview":"max-image-preview:large","max-video-preview":"max-video-preview:-1"},"canonical":"https:\/\/blog.alexpuentes.com\/index.php\/alex-puentes\/","og_locale":"es_ES","og_type":"article","og_title":"Alex Puentes | Blog de Alex Puentes |","og_description":"Alex puentes, profesional en Mercadeo y Publicidad, Magister en curso, locutor, consultor de empresas en temas de administraci\u00f3n y comunicaci\u00f3n corporativa","og_url":"https:\/\/blog.alexpuentes.com\/index.php\/alex-puentes\/","og_site_name":"Blog de Alex Puentes","article_modified_time":"2019-04-17T14:59:52+00:00","og_image":[{"width":2400,"height":1700,"url":"https:\/\/blog.alexpuentes.com\/wp-content\/uploads\/2018\/06\/perfil-profesional.jpg","type":"image\/jpeg"}],"twitter_card":"summary_large_image","twitter_site":"@alex_duvan","schema":{"@context":"https:\/\/schema.org","@graph":[{"@type":"WebPage","@id":"https:\/\/blog.alexpuentes.com\/index.php\/alex-puentes\/","url":"https:\/\/blog.alexpuentes.com\/index.php\/alex-puentes\/","name":"Alex Puentes | Blog de Alex Puentes |","isPartOf":{"@id":"https:\/\/blog.alexpuentes.com\/#website"},"datePublished":"2018-06-19T15:56:56+00:00","dateModified":"2019-04-17T14:59:52+00:00","description":"Alex puentes, profesional en Mercadeo y Publicidad, Magister en curso, locutor, consultor de empresas en temas de administraci\u00f3n y comunicaci\u00f3n corporativa","breadcrumb":{"@id":"https:\/\/blog.alexpuentes.com\/index.php\/alex-puentes\/#breadcrumb"},"inLanguage":"es-CO","potentialAction":[{"@type":"ReadAction","target":["https:\/\/blog.alexpuentes.com\/index.php\/alex-puentes\/"]}]},{"@type":"BreadcrumbList","@id":"https:\/\/blog.alexpuentes.com\/index.php\/alex-puentes\/#breadcrumb","itemListElement":[{"@type":"ListItem","position":1,"name":"Home","item":"https:\/\/blog.alexpuentes.com\/"},{"@type":"ListItem","position":2,"name":"Alex Puentes"}]},{"@type":"WebSite","@id":"https:\/\/blog.alexpuentes.com\/#website","url":"https:\/\/blog.alexpuentes.com\/","name":"Blog de Alex Puentes","description":"Hablemos de todo un poco","publisher":{"@id":"https:\/\/blog.alexpuentes.com\/#\/schema\/person\/147552873df9dae035c1d04f5aaab7fc"},"potentialAction":[{"@type":"SearchAction","target":{"@type":"EntryPoint","urlTemplate":"https:\/\/blog.alexpuentes.com\/?s={search_term_string}"},"query-input":"required name=search_term_string"}],"inLanguage":"es-CO"},{"@type":["Person","Organization"],"@id":"https:\/\/blog.alexpuentes.com\/#\/schema\/person\/147552873df9dae035c1d04f5aaab7fc","name":"AlexPuentes","image":{"@type":"ImageObject","inLanguage":"es-CO","@id":"https:\/\/blog.alexpuentes.com\/#\/schema\/person\/image\/","url":"https:\/\/blog.alexpuentes.com\/wp-content\/uploads\/2020\/01\/AP_AP-01.png","contentUrl":"https:\/\/blog.alexpuentes.com\/wp-content\/uploads\/2020\/01\/AP_AP-01.png","width":835,"height":834,"caption":"AlexPuentes"},"logo":{"@id":"https:\/\/blog.alexpuentes.com\/#\/schema\/person\/image\/"}}]}},"_links":{"self":[{"href":"https:\/\/blog.alexpuentes.com\/index.php\/wp-json\/wp\/v2\/pages\/9"}],"collection":[{"href":"https:\/\/blog.alexpuentes.com\/index.php\/wp-json\/wp\/v2\/pages"}],"about":[{"href":"https:\/\/blog.alexpuentes.com\/index.php\/wp-json\/wp\/v2\/types\/page"}],"author":[{"embeddable":true,"href":"https:\/\/blog.alexpuentes.com\/index.php\/wp-json\/wp\/v2\/users\/1"}],"replies":[{"embeddable":true,"href":"https:\/\/blog.alexpuentes.com\/index.php\/wp-json\/wp\/v2\/comments?post=9"}],"version-history":[{"count":4,"href":"https:\/\/blog.alexpuentes.com\/index.php\/wp-json\/wp\/v2\/pages\/9\/revisions"}],"predecessor-version":[{"id":340,"href":"https:\/\/blog.alexpuentes.com\/index.php\/wp-json\/wp\/v2\/pages\/9\/revisions\/340"}],"wp:featuredmedia":[{"embeddable":true,"href":"https:\/\/blog.alexpuentes.com\/index.php\/wp-json\/wp\/v2\/media\/77"}],"wp:attachment":[{"href":"https:\/\/blog.alexpuentes.com\/index.php\/wp-json\/wp\/v2\/media?parent=9"}],"curies":[{"name":"wp","href":"https:\/\/api.w.org\/{rel}","templated":true}]}}