{"id":8,"date":"2018-06-19T15:56:56","date_gmt":"2018-06-19T15:56:56","guid":{"rendered":"http:\/\/blog.alexpuentes.com\/?page_id=8"},"modified":"2019-04-17T14:57:47","modified_gmt":"2019-04-17T14:57:47","slug":"inicio","status":"publish","type":"page","link":"https:\/\/blog.alexpuentes.com\/","title":{"rendered":"Inicio"},"content":{"rendered":"<p>\u00a1Te doy la bienvenida!<\/p>\n<div class=\"wb-elm-ch-wrp\">\n<div id=\"wb_cs_row_50\" class=\"wb-cs-row\">\n<div id=\"wb_cs_col_51\" class=\"wb-cs-col\">\n<div id=\"wb_element_instance25\" class=\"wb_element wb-cs-elem\">\n<p class=\"wb-stl-normal\"><span style=\"color: #212121;\">En este espacio nos enfocaremos en los aspectos fundamentales de la administraci\u00f3n, el mercadeo y la publicidad, sin dejar de lado la fotograf\u00eda y todo lo relacionado con la conceptualizaci\u00f3n y desarrollo de marca.<\/span><\/p>\n<p class=\"wb-stl-normal\"><span style=\"color: #212121;\">Compartiremos y construiremos juntos\u00a0 el conocimiento como debe ser: COLECTIVO.<\/span><\/p>\n<\/div>\n<\/div>\n<\/div>\n<\/div>\n","protected":false},"excerpt":{"rendered":"<p>\u00a1Te doy la bienvenida! En este espacio nos enfocaremos en los aspectos fundamentales de la administraci\u00f3n, el mercadeo y la publicidad, sin dejar de lado la fotograf\u00eda y todo lo relacionado con la conceptualizaci\u00f3n y desarrollo de marca. Compartiremos y construiremos juntos\u00a0 el conocimiento como debe ser: COLECTIVO.<\/p>\n","protected":false},"author":1,"featured_media":0,"parent":0,"menu_order":0,"comment_status":"closed","ping_status":"closed","template":"","meta":[],"yoast_head":"<!-- This site is optimized with the Yoast SEO plugin v19.13 - https:\/\/yoast.com\/wordpress\/plugins\/seo\/ -->\n<title>Inicio | Blog de Alex Puentes<\/title>\n<meta name=\"description\" content=\"En este espacio nos enfocaremos en los aspectos fundamentales de la administraci\u00f3n, el mercadeo y la publicidad, sin dejar de lado la fotograf\u00eda y todo lo relacionado con la conceptualizaci\u00f3n y desarrollo de marca.\" \/>\n<meta name=\"robots\" content=\"index, follow, max-snippet:-1, max-image-preview:large, max-video-preview:-1\" \/>\n<link rel=\"canonical\" href=\"https:\/\/blog.alexpuentes.com\/\" \/>\n<meta property=\"og:locale\" content=\"es_ES\" \/>\n<meta property=\"og:type\" content=\"article\" \/>\n<meta property=\"og:title\" content=\"Inicio | Blog de Alex Puentes\" \/>\n<meta property=\"og:description\" content=\"En este espacio nos enfocaremos en los aspectos fundamentales de la administraci\u00f3n, el mercadeo y la publicidad, sin dejar de lado la fotograf\u00eda y todo lo relacionado con la conceptualizaci\u00f3n y desarrollo de marca.\" \/>\n<meta property=\"og:url\" content=\"https:\/\/blog.alexpuentes.com\/\" \/>\n<meta property=\"og:site_name\" content=\"Blog de Alex Puentes\" \/>\n<meta property=\"article:modified_time\" content=\"2019-04-17T14:57:47+00:00\" \/>\n<meta name=\"twitter:card\" content=\"summary_large_image\" \/>\n<meta name=\"twitter:site\" content=\"@alex_duvan\" \/>\n<script type=\"application\/ld+json\" class=\"yoast-schema-graph\">{\"@context\":\"https:\/\/schema.org\",\"@graph\":[{\"@type\":\"WebPage\",\"@id\":\"https:\/\/blog.alexpuentes.com\/\",\"url\":\"https:\/\/blog.alexpuentes.com\/\",\"name\":\"Inicio | Blog de Alex Puentes\",\"isPartOf\":{\"@id\":\"https:\/\/blog.alexpuentes.com\/#website\"},\"datePublished\":\"2018-06-19T15:56:56+00:00\",\"dateModified\":\"2019-04-17T14:57:47+00:00\",\"description\":\"En este espacio nos enfocaremos en los aspectos fundamentales de la administraci\u00f3n, el mercadeo y la publicidad, sin dejar de lado la fotograf\u00eda y todo lo relacionado con la conceptualizaci\u00f3n y desarrollo de marca.\",\"breadcrumb\":{\"@id\":\"https:\/\/blog.alexpuentes.com\/#breadcrumb\"},\"inLanguage\":\"es-CO\",\"potentialAction\":[{\"@type\":\"ReadAction\",\"target\":[\"https:\/\/blog.alexpuentes.com\/\"]}]},{\"@type\":\"BreadcrumbList\",\"@id\":\"https:\/\/blog.alexpuentes.com\/#breadcrumb\",\"itemListElement\":[{\"@type\":\"ListItem\",\"position\":1,\"name\":\"Home\",\"item\":\"https:\/\/blog.alexpuentes.com\/\"},{\"@type\":\"ListItem\",\"position\":2,\"name\":\"Inicio\"}]},{\"@type\":\"WebSite\",\"@id\":\"https:\/\/blog.alexpuentes.com\/#website\",\"url\":\"https:\/\/blog.alexpuentes.com\/\",\"name\":\"Blog de Alex Puentes\",\"description\":\"Hablemos de todo un poco\",\"publisher\":{\"@id\":\"https:\/\/blog.alexpuentes.com\/#\/schema\/person\/147552873df9dae035c1d04f5aaab7fc\"},\"potentialAction\":[{\"@type\":\"SearchAction\",\"target\":{\"@type\":\"EntryPoint\",\"urlTemplate\":\"https:\/\/blog.alexpuentes.com\/?s={search_term_string}\"},\"query-input\":\"required name=search_term_string\"}],\"inLanguage\":\"es-CO\"},{\"@type\":[\"Person\",\"Organization\"],\"@id\":\"https:\/\/blog.alexpuentes.com\/#\/schema\/person\/147552873df9dae035c1d04f5aaab7fc\",\"name\":\"AlexPuentes\",\"image\":{\"@type\":\"ImageObject\",\"inLanguage\":\"es-CO\",\"@id\":\"https:\/\/blog.alexpuentes.com\/#\/schema\/person\/image\/\",\"url\":\"https:\/\/blog.alexpuentes.com\/wp-content\/uploads\/2020\/01\/AP_AP-01.png\",\"contentUrl\":\"https:\/\/blog.alexpuentes.com\/wp-content\/uploads\/2020\/01\/AP_AP-01.png\",\"width\":835,\"height\":834,\"caption\":\"AlexPuentes\"},\"logo\":{\"@id\":\"https:\/\/blog.alexpuentes.com\/#\/schema\/person\/image\/\"}}]}<\/script>\n<!-- \/ Yoast SEO plugin. -->","yoast_head_json":{"title":"Inicio | Blog de Alex Puentes","description":"En este espacio nos enfocaremos en los aspectos fundamentales de la administraci\u00f3n, el mercadeo y la publicidad, sin dejar de lado la fotograf\u00eda y todo lo relacionado con la conceptualizaci\u00f3n y desarrollo de marca.","robots":{"index":"index","follow":"follow","max-snippet":"max-snippet:-1","max-image-preview":"max-image-preview:large","max-video-preview":"max-video-preview:-1"},"canonical":"https:\/\/blog.alexpuentes.com\/","og_locale":"es_ES","og_type":"article","og_title":"Inicio | Blog de Alex Puentes","og_description":"En este espacio nos enfocaremos en los aspectos fundamentales de la administraci\u00f3n, el mercadeo y la publicidad, sin dejar de lado la fotograf\u00eda y todo lo relacionado con la conceptualizaci\u00f3n y desarrollo de marca.","og_url":"https:\/\/blog.alexpuentes.com\/","og_site_name":"Blog de Alex Puentes","article_modified_time":"2019-04-17T14:57:47+00:00","twitter_card":"summary_large_image","twitter_site":"@alex_duvan","schema":{"@context":"https:\/\/schema.org","@graph":[{"@type":"WebPage","@id":"https:\/\/blog.alexpuentes.com\/","url":"https:\/\/blog.alexpuentes.com\/","name":"Inicio | Blog de Alex Puentes","isPartOf":{"@id":"https:\/\/blog.alexpuentes.com\/#website"},"datePublished":"2018-06-19T15:56:56+00:00","dateModified":"2019-04-17T14:57:47+00:00","description":"En este espacio nos enfocaremos en los aspectos fundamentales de la administraci\u00f3n, el mercadeo y la publicidad, sin dejar de lado la fotograf\u00eda y todo lo relacionado con la conceptualizaci\u00f3n y desarrollo de marca.","breadcrumb":{"@id":"https:\/\/blog.alexpuentes.com\/#breadcrumb"},"inLanguage":"es-CO","potentialAction":[{"@type":"ReadAction","target":["https:\/\/blog.alexpuentes.com\/"]}]},{"@type":"BreadcrumbList","@id":"https:\/\/blog.alexpuentes.com\/#breadcrumb","itemListElement":[{"@type":"ListItem","position":1,"name":"Home","item":"https:\/\/blog.alexpuentes.com\/"},{"@type":"ListItem","position":2,"name":"Inicio"}]},{"@type":"WebSite","@id":"https:\/\/blog.alexpuentes.com\/#website","url":"https:\/\/blog.alexpuentes.com\/","name":"Blog de Alex Puentes","description":"Hablemos de todo un poco","publisher":{"@id":"https:\/\/blog.alexpuentes.com\/#\/schema\/person\/147552873df9dae035c1d04f5aaab7fc"},"potentialAction":[{"@type":"SearchAction","target":{"@type":"EntryPoint","urlTemplate":"https:\/\/blog.alexpuentes.com\/?s={search_term_string}"},"query-input":"required name=search_term_string"}],"inLanguage":"es-CO"},{"@type":["Person","Organization"],"@id":"https:\/\/blog.alexpuentes.com\/#\/schema\/person\/147552873df9dae035c1d04f5aaab7fc","name":"AlexPuentes","image":{"@type":"ImageObject","inLanguage":"es-CO","@id":"https:\/\/blog.alexpuentes.com\/#\/schema\/person\/image\/","url":"https:\/\/blog.alexpuentes.com\/wp-content\/uploads\/2020\/01\/AP_AP-01.png","contentUrl":"https:\/\/blog.alexpuentes.com\/wp-content\/uploads\/2020\/01\/AP_AP-01.png","width":835,"height":834,"caption":"AlexPuentes"},"logo":{"@id":"https:\/\/blog.alexpuentes.com\/#\/schema\/person\/image\/"}}]}},"_links":{"self":[{"href":"https:\/\/blog.alexpuentes.com\/index.php\/wp-json\/wp\/v2\/pages\/8"}],"collection":[{"href":"https:\/\/blog.alexpuentes.com\/index.php\/wp-json\/wp\/v2\/pages"}],"about":[{"href":"https:\/\/blog.alexpuentes.com\/index.php\/wp-json\/wp\/v2\/types\/page"}],"author":[{"embeddable":true,"href":"https:\/\/blog.alexpuentes.com\/index.php\/wp-json\/wp\/v2\/users\/1"}],"replies":[{"embeddable":true,"href":"https:\/\/blog.alexpuentes.com\/index.php\/wp-json\/wp\/v2\/comments?post=8"}],"version-history":[{"count":2,"href":"https:\/\/blog.alexpuentes.com\/index.php\/wp-json\/wp\/v2\/pages\/8\/revisions"}],"predecessor-version":[{"id":49,"href":"https:\/\/blog.alexpuentes.com\/index.php\/wp-json\/wp\/v2\/pages\/8\/revisions\/49"}],"wp:attachment":[{"href":"https:\/\/blog.alexpuentes.com\/index.php\/wp-json\/wp\/v2\/media?parent=8"}],"curies":[{"name":"wp","href":"https:\/\/api.w.org\/{rel}","templated":true}]}}